{"id":27,"date":"2024-07-09T18:26:55","date_gmt":"2024-07-09T16:26:55","guid":{"rendered":"https:\/\/www.beerleaguehockey.se\/?page_id=27"},"modified":"2024-07-09T18:26:55","modified_gmt":"2024-07-09T16:26:55","slug":"varukorg","status":"publish","type":"page","link":"https:\/\/www.beerleaguehockey.se\/sv_se\/varukorg\/","title":{"rendered":"Varukorg"},"content":{"rendered":"\n<div data-block-name=\"woocommerce\/cart\" class=\"wp-block-woocommerce-cart alignwide is-loading\">\n<div data-block-name=\"woocommerce\/filled-cart-block\" class=\"wp-block-woocommerce-filled-cart-block\">\n<div data-block-name=\"woocommerce\/cart-items-block\" class=\"wp-block-woocommerce-cart-items-block\">\n<div data-block-name=\"woocommerce\/cart-line-items-block\" class=\"wp-block-woocommerce-cart-line-items-block\"><\/div>\n\n\n\n<div data-block-name=\"woocommerce\/cart-cross-sells-block\" class=\"wp-block-woocommerce-cart-cross-sells-block\">\n<h2 class=\"wp-block-heading has-large-font-size\">Du kanske \u00e4r intresserad av \u2026<\/h2>\n\n\n\n<div data-block-name=\"woocommerce\/cart-cross-sells-products-block\" class=\"wp-block-woocommerce-cart-cross-sells-products-block\"><\/div>\n<\/div>\n<\/div>\n\n\n\n<div data-block-name=\"woocommerce\/cart-totals-block\" class=\"wp-block-woocommerce-cart-totals-block\">\n<div data-block-name=\"woocommerce\/cart-order-summary-block\" class=\"wp-block-woocommerce-cart-order-summary-block\">\n<div data-block-name=\"woocommerce\/cart-order-summary-heading-block\" class=\"wp-block-woocommerce-cart-order-summary-heading-block\"><\/div><div data-block-name=\"woocommerce\/cart-order-summary-coupon-form-block\" class=\"wp-block-woocommerce-cart-order-summary-coupon-form-block\"><\/div><div data-block-name=\"woocommerce\/cart-order-summary-totals-block\" class=\"wp-block-woocommerce-cart-order-summary-totals-block\">\n<div data-block-name=\"woocommerce\/cart-order-summary-subtotal-block\" class=\"wp-block-woocommerce-cart-order-summary-subtotal-block\"><\/div>\n<div data-block-name=\"woocommerce\/cart-order-summary-discount-block\" class=\"wp-block-woocommerce-cart-order-summary-discount-block\"><\/div>\n<div data-block-name=\"woocommerce\/cart-order-summary-fee-block\" class=\"wp-block-woocommerce-cart-order-summary-fee-block\"><\/div>\n<div data-block-name=\"woocommerce\/cart-order-summary-shipping-block\" class=\"wp-block-woocommerce-cart-order-summary-shipping-block\"><\/div>\n<div data-block-name=\"woocommerce\/cart-order-summary-taxes-block\" class=\"wp-block-woocommerce-cart-order-summary-taxes-block\"><\/div><\/div>\n<\/div>\n\n\n\n<div data-block-name=\"woocommerce\/cart-express-payment-block\" class=\"wp-block-woocommerce-cart-express-payment-block\"><\/div>\n\n\n\n<div data-block-name=\"woocommerce\/proceed-to-checkout-block\" class=\"wp-block-woocommerce-proceed-to-checkout-block\"><\/div>\n\n\n\n<div data-block-name=\"woocommerce\/cart-accepted-payment-methods-block\" class=\"wp-block-woocommerce-cart-accepted-payment-methods-block\"><\/div>\n<\/div>\n<\/div>\n\n\n\n<div data-block-name=\"woocommerce\/empty-cart-block\" class=\"wp-block-woocommerce-empty-cart-block\">\n<h2 class=\"wp-block-heading has-text-align-center with-empty-cart-icon wc-block-cart__empty-cart__title\">Din varukorg \u00e4r f\u00f6r n\u00e4rvarande tom!<\/h2>\n\n\n\n<hr class=\"wp-block-separator has-alpha-channel-opacity is-style-dots\"\/>\n\n\n\n<h2 class=\"wp-block-heading has-text-align-center\">Nytt i butik<\/h2>\n\n\n<div data-block-name=\"woocommerce\/product-new\" data-columns=\"4\" data-rows=\"1\" class=\"wc-block-grid wp-block-product-new wp-block-woocommerce-product-new wc-block-product-new has-4-columns\"><ul class=\"wc-block-grid__products\"><li class=\"wc-block-grid__product\">\n\t\t\t\t<a href=\"https:\/\/www.beerleaguehockey.se\/sv_se\/produkt\/jakon-ginberg-friskvard\/\" class=\"wc-block-grid__product-link\">\n\t\t\t\t\t\n\t\t\t\t\t<div class=\"wc-block-grid__product-image\"><img fetchpriority=\"high\" decoding=\"async\" width=\"300\" height=\"300\" src=\"https:\/\/www.beerleaguehockey.se\/wp-content\/uploads\/woocommerce-placeholder-300x300.png\" class=\"woocommerce-placeholder wp-post-image\" alt=\"\" srcset=\"https:\/\/www.beerleaguehockey.se\/wp-content\/uploads\/woocommerce-placeholder-300x300.png 300w, https:\/\/www.beerleaguehockey.se\/wp-content\/uploads\/woocommerce-placeholder-100x100.png 100w, https:\/\/www.beerleaguehockey.se\/wp-content\/uploads\/woocommerce-placeholder-600x600.png 600w, https:\/\/www.beerleaguehockey.se\/wp-content\/uploads\/woocommerce-placeholder-1024x1024.png 1024w, https:\/\/www.beerleaguehockey.se\/wp-content\/uploads\/woocommerce-placeholder-150x150.png 150w, https:\/\/www.beerleaguehockey.se\/wp-content\/uploads\/woocommerce-placeholder-768x768.png 768w, https:\/\/www.beerleaguehockey.se\/wp-content\/uploads\/woocommerce-placeholder.png 1200w\" sizes=\"(max-width: 300px) 100vw, 300px\" \/><\/div>\n\t\t\t\t\t<div class=\"wc-block-grid__product-title\">M. Wilson<\/div>\n\t\t\t\t<\/a>\n\t\t\t\t<div class=\"wc-block-grid__product-price price\"><span class=\"woocommerce-Price-amount amount\">7000,00&nbsp;<span class=\"woocommerce-Price-currencySymbol\">&#107;&#114;<\/span><\/span><\/div>\n\t\t\t\t\n\t\t\t\t<div class=\"wp-block-button wc-block-grid__product-add-to-cart\"><a href=\"\/sv_se\/wp-json\/wp\/v2\/pages\/27?add-to-cart=740\" aria-label=\"L\u00e4gg till i varukorgen: \u201dM. Wilson\u201d\" data-quantity=\"1\" data-product_id=\"740\" data-product_sku=\"\" data-price=\"7000\" rel=\"nofollow\" class=\"wp-block-button__link  add_to_cart_button ajax_add_to_cart\">L\u00e4gg till i varukorg<\/a><\/div>\n\t\t\t<\/li><li class=\"wc-block-grid__product\">\n\t\t\t\t<a href=\"https:\/\/www.beerleaguehockey.se\/sv_se\/produkt\/micke\/\" class=\"wc-block-grid__product-link\">\n\t\t\t\t\t\n\t\t\t\t\t<div class=\"wc-block-grid__product-image\"><img fetchpriority=\"high\" decoding=\"async\" width=\"300\" height=\"300\" src=\"https:\/\/www.beerleaguehockey.se\/wp-content\/uploads\/woocommerce-placeholder-300x300.png\" class=\"woocommerce-placeholder wp-post-image\" alt=\"\" srcset=\"https:\/\/www.beerleaguehockey.se\/wp-content\/uploads\/woocommerce-placeholder-300x300.png 300w, https:\/\/www.beerleaguehockey.se\/wp-content\/uploads\/woocommerce-placeholder-100x100.png 100w, https:\/\/www.beerleaguehockey.se\/wp-content\/uploads\/woocommerce-placeholder-600x600.png 600w, https:\/\/www.beerleaguehockey.se\/wp-content\/uploads\/woocommerce-placeholder-1024x1024.png 1024w, https:\/\/www.beerleaguehockey.se\/wp-content\/uploads\/woocommerce-placeholder-150x150.png 150w, https:\/\/www.beerleaguehockey.se\/wp-content\/uploads\/woocommerce-placeholder-768x768.png 768w, https:\/\/www.beerleaguehockey.se\/wp-content\/uploads\/woocommerce-placeholder.png 1200w\" sizes=\"(max-width: 300px) 100vw, 300px\" \/><\/div>\n\t\t\t\t\t<div class=\"wc-block-grid__product-title\">Micke<\/div>\n\t\t\t\t<\/a>\n\t\t\t\t<div class=\"wc-block-grid__product-price price\"><\/div>\n\t\t\t\t\n\t\t\t\t<div class=\"wp-block-button wc-block-grid__product-add-to-cart\"><a href=\"https:\/\/www.beerleaguehockey.se\/sv_se\/produkt\/micke\/\" aria-label=\"L\u00e4s mer om \u201dMicke\u201d\" data-quantity=\"1\" data-product_id=\"736\" data-product_sku=\"\" data-price=\"0\" rel=\"nofollow\" class=\"wp-block-button__link  add_to_cart_button\">L\u00e4s mer<\/a><\/div>\n\t\t\t<\/li><li class=\"wc-block-grid__product\">\n\t\t\t\t<a href=\"https:\/\/www.beerleaguehockey.se\/sv_se\/produkt\/thomas-brudnicki\/\" class=\"wc-block-grid__product-link\">\n\t\t\t\t\t\n\t\t\t\t\t<div class=\"wc-block-grid__product-image\"><img decoding=\"async\" width=\"300\" height=\"300\" src=\"https:\/\/www.beerleaguehockey.se\/wp-content\/uploads\/2026\/02\/1000025830-300x300.jpg\" class=\"attachment-woocommerce_thumbnail size-woocommerce_thumbnail\" alt=\"Thomas Brudnicki\" srcset=\"https:\/\/www.beerleaguehockey.se\/wp-content\/uploads\/2026\/02\/1000025830-300x300.jpg 300w, https:\/\/www.beerleaguehockey.se\/wp-content\/uploads\/2026\/02\/1000025830-150x150.jpg 150w, https:\/\/www.beerleaguehockey.se\/wp-content\/uploads\/2026\/02\/1000025830-100x100.jpg 100w\" sizes=\"(max-width: 300px) 100vw, 300px\" \/><\/div>\n\t\t\t\t\t<div class=\"wc-block-grid__product-title\">Thomas Brudnicki<\/div>\n\t\t\t\t<\/a>\n\t\t\t\t<div class=\"wc-block-grid__product-price price\"><span class=\"woocommerce-Price-amount amount\">10900,00&nbsp;<span class=\"woocommerce-Price-currencySymbol\">&#107;&#114;<\/span><\/span><\/div>\n\t\t\t\t\n\t\t\t\t<div class=\"wp-block-button wc-block-grid__product-add-to-cart\"><a href=\"\/sv_se\/wp-json\/wp\/v2\/pages\/27?add-to-cart=735\" aria-label=\"L\u00e4gg till i varukorgen: \u201dThomas Brudnicki\u201d\" data-quantity=\"1\" data-product_id=\"735\" data-product_sku=\"\" data-price=\"10900\" rel=\"nofollow\" class=\"wp-block-button__link  add_to_cart_button ajax_add_to_cart\">L\u00e4gg till i varukorg<\/a><\/div>\n\t\t\t<\/li><li class=\"wc-block-grid__product\">\n\t\t\t\t<a href=\"https:\/\/www.beerleaguehockey.se\/sv_se\/produkt\/rengren\/\" class=\"wc-block-grid__product-link\">\n\t\t\t\t\t\n\t\t\t\t\t<div class=\"wc-block-grid__product-image\"><img fetchpriority=\"high\" decoding=\"async\" width=\"300\" height=\"300\" src=\"https:\/\/www.beerleaguehockey.se\/wp-content\/uploads\/woocommerce-placeholder-300x300.png\" class=\"woocommerce-placeholder wp-post-image\" alt=\"\" srcset=\"https:\/\/www.beerleaguehockey.se\/wp-content\/uploads\/woocommerce-placeholder-300x300.png 300w, https:\/\/www.beerleaguehockey.se\/wp-content\/uploads\/woocommerce-placeholder-100x100.png 100w, https:\/\/www.beerleaguehockey.se\/wp-content\/uploads\/woocommerce-placeholder-600x600.png 600w, https:\/\/www.beerleaguehockey.se\/wp-content\/uploads\/woocommerce-placeholder-1024x1024.png 1024w, https:\/\/www.beerleaguehockey.se\/wp-content\/uploads\/woocommerce-placeholder-150x150.png 150w, https:\/\/www.beerleaguehockey.se\/wp-content\/uploads\/woocommerce-placeholder-768x768.png 768w, https:\/\/www.beerleaguehockey.se\/wp-content\/uploads\/woocommerce-placeholder.png 1200w\" sizes=\"(max-width: 300px) 100vw, 300px\" \/><\/div>\n\t\t\t\t\t<div class=\"wc-block-grid__product-title\">Rengren<\/div>\n\t\t\t\t<\/a>\n\t\t\t\t<div class=\"wc-block-grid__product-price price\"><span class=\"woocommerce-Price-amount amount\">10500,00&nbsp;<span class=\"woocommerce-Price-currencySymbol\">&#107;&#114;<\/span><\/span><\/div>\n\t\t\t\t\n\t\t\t\t<div class=\"wp-block-button wc-block-grid__product-add-to-cart\"><a href=\"\/sv_se\/wp-json\/wp\/v2\/pages\/27?add-to-cart=733\" aria-label=\"L\u00e4gg till i varukorgen: \u201dRengren\u201d\" data-quantity=\"1\" data-product_id=\"733\" data-product_sku=\"\" data-price=\"10500\" rel=\"nofollow\" class=\"wp-block-button__link  add_to_cart_button ajax_add_to_cart\">L\u00e4gg till i varukorg<\/a><\/div>\n\t\t\t<\/li><\/ul><\/div><\/div>\n<\/div>\n","protected":false},"excerpt":{"rendered":"","protected":false},"author":1,"featured_media":0,"parent":0,"menu_order":0,"comment_status":"closed","ping_status":"closed","template":"","meta":{"_monsterinsights_skip_tracking":false,"_monsterinsights_sitenote_active":false,"_monsterinsights_sitenote_note":"","_monsterinsights_sitenote_category":0,"footnotes":""},"class_list":["post-27","page","type-page","status-publish","hentry"],"yoast_head":"<!-- This site is optimized with the Yoast SEO plugin v26.0 - https:\/\/yoast.com\/wordpress\/plugins\/seo\/ -->\n<title>Varukorg - POJ Hockey, Probably The Best Beer League Hockey In The World<\/title>\n<meta name=\"robots\" content=\"index, follow, max-snippet:-1, max-image-preview:large, max-video-preview:-1\" \/>\n<link rel=\"canonical\" href=\"https:\/\/www.beerleaguehockey.se\/sv_se\/varukorg\/\" \/>\n<meta property=\"og:locale\" content=\"sv_SE\" \/>\n<meta property=\"og:type\" content=\"article\" \/>\n<meta property=\"og:title\" content=\"Varukorg - POJ Hockey, Probably The Best Beer League Hockey In The World\" \/>\n<meta property=\"og:url\" content=\"https:\/\/www.beerleaguehockey.se\/sv_se\/varukorg\/\" \/>\n<meta property=\"og:site_name\" content=\"POJ Hockey, Probably The Best Beer League Hockey In The World\" \/>\n<meta name=\"twitter:card\" content=\"summary_large_image\" \/>\n<script type=\"application\/ld+json\" class=\"yoast-schema-graph\">{\"@context\":\"https:\/\/schema.org\",\"@graph\":[{\"@type\":\"WebPage\",\"@id\":\"https:\/\/www.beerleaguehockey.se\/varukorg\/\",\"url\":\"https:\/\/www.beerleaguehockey.se\/varukorg\/\",\"name\":\"Varukorg - POJ Hockey, Probably The Best Beer League Hockey In The World\",\"isPartOf\":{\"@id\":\"https:\/\/www.beerleaguehockey.se\/#website\"},\"datePublished\":\"2024-07-09T16:26:55+00:00\",\"breadcrumb\":{\"@id\":\"https:\/\/www.beerleaguehockey.se\/varukorg\/#breadcrumb\"},\"inLanguage\":\"sv-SE\",\"potentialAction\":[{\"@type\":\"ReadAction\",\"target\":[\"https:\/\/www.beerleaguehockey.se\/varukorg\/\"]}]},{\"@type\":\"BreadcrumbList\",\"@id\":\"https:\/\/www.beerleaguehockey.se\/varukorg\/#breadcrumb\",\"itemListElement\":[{\"@type\":\"ListItem\",\"position\":1,\"name\":\"Home\",\"item\":\"https:\/\/www.beerleaguehockey.se\/\"},{\"@type\":\"ListItem\",\"position\":2,\"name\":\"Varukorg\"}]},{\"@type\":\"WebSite\",\"@id\":\"https:\/\/www.beerleaguehockey.se\/#website\",\"url\":\"https:\/\/www.beerleaguehockey.se\/\",\"name\":\"POJ Hockey, Probably The Best Beer League Hockey In The World\",\"description\":\"POJ HOCKEY AB\",\"publisher\":{\"@id\":\"https:\/\/www.beerleaguehockey.se\/#organization\"},\"potentialAction\":[{\"@type\":\"SearchAction\",\"target\":{\"@type\":\"EntryPoint\",\"urlTemplate\":\"https:\/\/www.beerleaguehockey.se\/?s={search_term_string}\"},\"query-input\":{\"@type\":\"PropertyValueSpecification\",\"valueRequired\":true,\"valueName\":\"search_term_string\"}}],\"inLanguage\":\"sv-SE\"},{\"@type\":\"Organization\",\"@id\":\"https:\/\/www.beerleaguehockey.se\/#organization\",\"name\":\"POJ Hockey, Probably The Best Beer League Hockey In The World\",\"url\":\"https:\/\/www.beerleaguehockey.se\/\",\"logo\":{\"@type\":\"ImageObject\",\"inLanguage\":\"sv-SE\",\"@id\":\"https:\/\/www.beerleaguehockey.se\/#\/schema\/logo\/image\/\",\"url\":\"https:\/\/www.beerleaguehockey.se\/wp-content\/uploads\/2024\/07\/POJLOGGASvart-png-utskuren-192x192-1.png\",\"contentUrl\":\"https:\/\/www.beerleaguehockey.se\/wp-content\/uploads\/2024\/07\/POJLOGGASvart-png-utskuren-192x192-1.png\",\"width\":192,\"height\":192,\"caption\":\"POJ Hockey, Probably The Best Beer League Hockey In The World\"},\"image\":{\"@id\":\"https:\/\/www.beerleaguehockey.se\/#\/schema\/logo\/image\/\"}}]}<\/script>\n<!-- \/ Yoast SEO plugin. -->","yoast_head_json":{"title":"Varukorg - POJ Hockey, Probably The Best Beer League Hockey In The World","robots":{"index":"index","follow":"follow","max-snippet":"max-snippet:-1","max-image-preview":"max-image-preview:large","max-video-preview":"max-video-preview:-1"},"canonical":"https:\/\/www.beerleaguehockey.se\/sv_se\/varukorg\/","og_locale":"sv_SE","og_type":"article","og_title":"Varukorg - POJ Hockey, Probably The Best Beer League Hockey In The World","og_url":"https:\/\/www.beerleaguehockey.se\/sv_se\/varukorg\/","og_site_name":"POJ Hockey, Probably The Best Beer League Hockey In The World","twitter_card":"summary_large_image","schema":{"@context":"https:\/\/schema.org","@graph":[{"@type":"WebPage","@id":"https:\/\/www.beerleaguehockey.se\/varukorg\/","url":"https:\/\/www.beerleaguehockey.se\/varukorg\/","name":"Varukorg - POJ Hockey, Probably The Best Beer League Hockey In The World","isPartOf":{"@id":"https:\/\/www.beerleaguehockey.se\/#website"},"datePublished":"2024-07-09T16:26:55+00:00","breadcrumb":{"@id":"https:\/\/www.beerleaguehockey.se\/varukorg\/#breadcrumb"},"inLanguage":"sv-SE","potentialAction":[{"@type":"ReadAction","target":["https:\/\/www.beerleaguehockey.se\/varukorg\/"]}]},{"@type":"BreadcrumbList","@id":"https:\/\/www.beerleaguehockey.se\/varukorg\/#breadcrumb","itemListElement":[{"@type":"ListItem","position":1,"name":"Home","item":"https:\/\/www.beerleaguehockey.se\/"},{"@type":"ListItem","position":2,"name":"Varukorg"}]},{"@type":"WebSite","@id":"https:\/\/www.beerleaguehockey.se\/#website","url":"https:\/\/www.beerleaguehockey.se\/","name":"POJ Hockey, Probably The Best Beer League Hockey In The World","description":"POJ HOCKEY AB","publisher":{"@id":"https:\/\/www.beerleaguehockey.se\/#organization"},"potentialAction":[{"@type":"SearchAction","target":{"@type":"EntryPoint","urlTemplate":"https:\/\/www.beerleaguehockey.se\/?s={search_term_string}"},"query-input":{"@type":"PropertyValueSpecification","valueRequired":true,"valueName":"search_term_string"}}],"inLanguage":"sv-SE"},{"@type":"Organization","@id":"https:\/\/www.beerleaguehockey.se\/#organization","name":"POJ Hockey, Probably The Best Beer League Hockey In The World","url":"https:\/\/www.beerleaguehockey.se\/","logo":{"@type":"ImageObject","inLanguage":"sv-SE","@id":"https:\/\/www.beerleaguehockey.se\/#\/schema\/logo\/image\/","url":"https:\/\/www.beerleaguehockey.se\/wp-content\/uploads\/2024\/07\/POJLOGGASvart-png-utskuren-192x192-1.png","contentUrl":"https:\/\/www.beerleaguehockey.se\/wp-content\/uploads\/2024\/07\/POJLOGGASvart-png-utskuren-192x192-1.png","width":192,"height":192,"caption":"POJ Hockey, Probably The Best Beer League Hockey In The World"},"image":{"@id":"https:\/\/www.beerleaguehockey.se\/#\/schema\/logo\/image\/"}}]}},"jetpack_sharing_enabled":true,"_links":{"self":[{"href":"https:\/\/www.beerleaguehockey.se\/sv_se\/wp-json\/wp\/v2\/pages\/27","targetHints":{"allow":["GET"]}}],"collection":[{"href":"https:\/\/www.beerleaguehockey.se\/sv_se\/wp-json\/wp\/v2\/pages"}],"about":[{"href":"https:\/\/www.beerleaguehockey.se\/sv_se\/wp-json\/wp\/v2\/types\/page"}],"author":[{"embeddable":true,"href":"https:\/\/www.beerleaguehockey.se\/sv_se\/wp-json\/wp\/v2\/users\/1"}],"replies":[{"embeddable":true,"href":"https:\/\/www.beerleaguehockey.se\/sv_se\/wp-json\/wp\/v2\/comments?post=27"}],"version-history":[{"count":0,"href":"https:\/\/www.beerleaguehockey.se\/sv_se\/wp-json\/wp\/v2\/pages\/27\/revisions"}],"wp:attachment":[{"href":"https:\/\/www.beerleaguehockey.se\/sv_se\/wp-json\/wp\/v2\/media?parent=27"}],"curies":[{"name":"wp","href":"https:\/\/api.w.org\/{rel}","templated":true}]}}